{"id":594,"date":"2021-11-11T02:21:25","date_gmt":"2021-11-11T02:21:25","guid":{"rendered":"http:\/\/www.filiptashan.com\/?page_id=594"},"modified":"2021-11-11T02:26:47","modified_gmt":"2021-11-11T02:26:47","slug":"genital-sigil-hpv","status":"publish","type":"page","link":"https:\/\/www.filiptashan.com\/genital-sigil-hpv\/","title":{"rendered":"Genital Si\u011fil &#8211; HPV"},"content":{"rendered":"\n<figure class=\"wp-block-embed is-type-video is-provider-youtube wp-block-embed-youtube wp-embed-aspect-16-9 wp-has-aspect-ratio\"><div class=\"wp-block-embed__wrapper\">\n<iframe loading=\"lazy\" title=\"GEN\u0130TAL S\u0130\u011e\u0130LLER &amp; HPV &amp; KOND\u0130LOM - Op.Dr.Filip TA\u015eHAN\" width=\"640\" height=\"360\" src=\"https:\/\/www.youtube.com\/embed\/V-hJk2E3zaU?feature=oembed\" frameborder=\"0\" allow=\"accelerometer; autoplay; clipboard-write; encrypted-media; gyroscope; picture-in-picture; web-share\" referrerpolicy=\"strict-origin-when-cross-origin\" allowfullscreen><\/iframe>\n<\/div><\/figure>\n\n\n\n<figure class=\"wp-block-embed is-type-video is-provider-youtube wp-block-embed-youtube wp-embed-aspect-16-9 wp-has-aspect-ratio\"><div class=\"wp-block-embed__wrapper\">\n<iframe loading=\"lazy\" title=\"A\u011eRISIZ S\u0130\u011e\u0130L TEDAV\u0130S\u0130 &amp; GEN\u0130TAL S\u0130\u011e\u0130LLER - Op.Dr.Filip TA\u015eHAN\" width=\"640\" height=\"360\" src=\"https:\/\/www.youtube.com\/embed\/8GYFci13oWA?feature=oembed\" frameborder=\"0\" allow=\"accelerometer; autoplay; clipboard-write; encrypted-media; gyroscope; picture-in-picture; web-share\" referrerpolicy=\"strict-origin-when-cross-origin\" allowfullscreen><\/iframe>\n<\/div><\/figure>\n","protected":false},"excerpt":{"rendered":"","protected":false},"author":1,"featured_media":0,"parent":0,"menu_order":0,"comment_status":"closed","ping_status":"closed","template":"","meta":{"footnotes":""},"class_list":["post-594","page","type-page","status-publish","hentry"],"_links":{"self":[{"href":"https:\/\/www.filiptashan.com\/wp-json\/wp\/v2\/pages\/594","targetHints":{"allow":["GET"]}}],"collection":[{"href":"https:\/\/www.filiptashan.com\/wp-json\/wp\/v2\/pages"}],"about":[{"href":"https:\/\/www.filiptashan.com\/wp-json\/wp\/v2\/types\/page"}],"author":[{"embeddable":true,"href":"https:\/\/www.filiptashan.com\/wp-json\/wp\/v2\/users\/1"}],"replies":[{"embeddable":true,"href":"https:\/\/www.filiptashan.com\/wp-json\/wp\/v2\/comments?post=594"}],"version-history":[{"count":2,"href":"https:\/\/www.filiptashan.com\/wp-json\/wp\/v2\/pages\/594\/revisions"}],"predecessor-version":[{"id":601,"href":"https:\/\/www.filiptashan.com\/wp-json\/wp\/v2\/pages\/594\/revisions\/601"}],"wp:attachment":[{"href":"https:\/\/www.filiptashan.com\/wp-json\/wp\/v2\/media?parent=594"}],"curies":[{"name":"wp","href":"https:\/\/api.w.org\/{rel}","templated":true}]}}