{"id":137,"date":"2019-01-23T08:50:10","date_gmt":"2019-01-23T08:50:10","guid":{"rendered":"http:\/\/demo.sparklewpthemes.com\/medicalheed\/?page_id=137"},"modified":"2025-12-28T05:34:05","modified_gmt":"2025-12-28T05:34:05","slug":"contact-us","status":"publish","type":"page","link":"https:\/\/www.filiptashan.com\/contact-us\/","title":{"rendered":"\u0130leti\u015fim"},"content":{"rendered":"\t\t<div data-elementor-type=\"wp-page\" data-elementor-id=\"137\" class=\"elementor elementor-137\" data-elementor-settings=\"[]\">\n\t\t\t\t\t\t\t<div class=\"elementor-section-wrap\">\n\t\t\t\t\t\t\t<section class=\"elementor-section elementor-top-section elementor-element elementor-element-41a200d8 elementor-section-boxed elementor-section-height-default elementor-section-height-default\" data-id=\"41a200d8\" data-element_type=\"section\">\n\t\t\t\t\t\t<div class=\"elementor-container elementor-column-gap-default\">\n\t\t\t\t\t<div class=\"elementor-column elementor-col-100 elementor-top-column elementor-element elementor-element-7f34b965\" data-id=\"7f34b965\" data-element_type=\"column\">\n\t\t\t<div class=\"elementor-widget-wrap elementor-element-populated\">\n\t\t\t\t\t\t\t\t<div class=\"elementor-element elementor-element-1d0ca6e4 elementor-widget elementor-widget-text-editor\" data-id=\"1d0ca6e4\" data-element_type=\"widget\" data-widget_type=\"text-editor.default\">\n\t\t\t\t<div class=\"elementor-widget-container\">\n\t\t\t\t\t\t\t<p><!-- wp:html --><br><iframe loading=\"lazy\" style=\"border: 0;\" src=\"https:\/\/www.google.com\/maps\/embed?pb=!1m14!1m8!1m3!1d12036.22274627483!2d28.9942443!3d41.0459113!3m2!1i1024!2i768!4f13.1!3m3!1m2!1s0x0%3A0xd14d900cc20c3958!2zT3AuIERyLiBGaWxpcCBUYcWfaGFuIC0gS2FkxLFuIEhhc3RhbMSxa2xhcsSxIHZlIERvxJ91bSBVem1hbsSx!5e0!3m2!1str!2str!4v1630668351836!5m2!1str!2str\" width=\"600\" height=\"450\" allowfullscreen=\"allowfullscreen\"><\/iframe><br><!-- \/wp:html --><\/p>\n<p><!-- wp:paragraph --><\/p>\n<p>Op.Dr. Filip Ta\u015fhan Muayenehanesi &#8211; Te\u015fvikiye, Vali Kona\u011f\u0131 Cd. \u00c7eyreko\u011flu Apt No:52 Kat:2 D:3, 34365 \u015ei\u015fli\/\u0130stanbul <img decoding=\"async\" class=\"emoji\" role=\"img\" draggable=\"false\" src=\"https:\/\/s.w.org\/images\/core\/emoji\/13.1.0\/svg\/260e.svg\" alt=\"\u260e\">&nbsp;0 532 059 04 89<br><img decoding=\"async\" class=\"emoji\" role=\"img\" draggable=\"false\" src=\"https:\/\/s.w.org\/images\/core\/emoji\/13.1.0\/svg\/260e.svg\" alt=\"\u260e\"> 0 212 259 75 76 <br><img decoding=\"async\" class=\"emoji\" role=\"img\" draggable=\"false\" src=\"https:\/\/s.w.org\/images\/core\/emoji\/13.1.0\/svg\/1f4e7.svg\" alt=\"\ud83d\udce7\">&nbsp;tashanfilip@gmail.com<\/p>\n<p><!-- \/wp:paragraph --><\/p>\n<p><!-- wp:paragraph --><\/p>\n<p><strong>WhatsApp ;&nbsp;&nbsp;0 532 059 04 89<\/strong><\/p>\n<p><!-- \/wp:paragraph --><\/p>\n<p><!-- wp:paragraph --><\/p>\n<p>Tedavilerde \u00d6zel Sigortalar\u0131n\u0131z\u0131 Kullabilirsiniz. Klini\u011fimizde gebelik takibi, jinekolojik muayene ve k\u00fc\u00e7\u00fck i\u015flemler, t\u00fcp bebek tedavisi takiplerini yapmaktay\u0131z. Ameliyatlar ve baz\u0131 k\u00fc\u00e7\u00fck m\u00fcdahaleler, do\u011fum, t\u00fcp bebek i\u015flemleri i\u00e7in de anla\u015fmal\u0131 A s\u0131n\u0131f\u0131 Hastanelerimizi kullanmaktay\u0131z.<\/p>\n<p><!-- \/wp:paragraph --><\/p>\n<p><!-- wp:paragraph --><\/p>\n<p>\u00d6ZEL S\u0130GORTALAR ; <a href=\"https:\/\/www.filiptashan.com\/index.php\/ozel-sigortalar\/\" data-type=\"URL\" data-id=\"https:\/\/www.filiptashan.com\/index.php\/ozel-sigortalar\/\">https:\/\/www.filiptashan.com\/index.php\/ozel-sigortalar\/<\/a><\/p>\n<p><!-- \/wp:paragraph --><\/p>\n<p><!-- wp:heading {\"level\":3} --><\/p>\n<h3><br><\/h3><p><br><!-- \/wp:shortcode --><\/p>\t\t\t\t\t\t<\/div>\n\t\t\t\t<\/div>\n\t\t\t\t\t<\/div>\n\t\t<\/div>\n\t\t\t\t\t\t\t<\/div>\n\t\t<\/section>\n\t\t\t\t\t\t<\/div>\n\t\t\t\t\t<\/div>\n\t\t","protected":false},"excerpt":{"rendered":"<p>Op.Dr. Filip Ta\u015fhan Muayenehanesi &#8211; Te\u015fvikiye, Vali Kona\u011f\u0131 Cd. \u00c7eyreko\u011flu Apt No:52 Kat:2 D:3, 34365 \u015ei\u015fli\/\u0130stanbul &nbsp;0 532 059 04 89 0 212 259 75 76 &nbsp;tashanfilip@gmail.com WhatsApp ;&nbsp;&nbsp;0 532 059 04 89 Tedavilerde \u00d6zel Sigortalar\u0131n\u0131z\u0131 Kullabilirsiniz. Klini\u011fimizde gebelik takibi, jinekolojik muayene ve k\u00fc\u00e7\u00fck i\u015flemler,&hellip;<\/p>\n","protected":false},"author":1,"featured_media":0,"parent":0,"menu_order":0,"comment_status":"closed","ping_status":"closed","template":"","meta":{"footnotes":""},"class_list":["post-137","page","type-page","status-publish","hentry"],"_links":{"self":[{"href":"https:\/\/www.filiptashan.com\/wp-json\/wp\/v2\/pages\/137","targetHints":{"allow":["GET"]}}],"collection":[{"href":"https:\/\/www.filiptashan.com\/wp-json\/wp\/v2\/pages"}],"about":[{"href":"https:\/\/www.filiptashan.com\/wp-json\/wp\/v2\/types\/page"}],"author":[{"embeddable":true,"href":"https:\/\/www.filiptashan.com\/wp-json\/wp\/v2\/users\/1"}],"replies":[{"embeddable":true,"href":"https:\/\/www.filiptashan.com\/wp-json\/wp\/v2\/comments?post=137"}],"version-history":[{"count":30,"href":"https:\/\/www.filiptashan.com\/wp-json\/wp\/v2\/pages\/137\/revisions"}],"predecessor-version":[{"id":1914,"href":"https:\/\/www.filiptashan.com\/wp-json\/wp\/v2\/pages\/137\/revisions\/1914"}],"wp:attachment":[{"href":"https:\/\/www.filiptashan.com\/wp-json\/wp\/v2\/media?parent=137"}],"curies":[{"name":"wp","href":"https:\/\/api.w.org\/{rel}","templated":true}]}}