{"id":1209,"date":"2024-01-06T03:14:18","date_gmt":"2024-01-06T03:14:18","guid":{"rendered":"https:\/\/www.filiptashan.com\/?page_id=1209"},"modified":"2024-01-06T03:21:37","modified_gmt":"2024-01-06T03:21:37","slug":"kizlik_zari","status":"publish","type":"page","link":"https:\/\/www.filiptashan.com\/kizlik_zari\/","title":{"rendered":"K\u0131zl\u0131k Zar\u0131 Dikimi"},"content":{"rendered":"<p>Ni\u015fanta\u015f\u0131&#8217;nda yer alan bir kad\u0131n sa\u011fl\u0131\u011f\u0131 uzman\u0131 olan jinekolog, k\u0131zl\u0131k zar\u0131 konusunda \u00f6zenli ve g\u00fcvenilir bir hizmet sunmaktad\u0131r. K\u0131zl\u0131k zar\u0131, kad\u0131n \u00fcreme sistemine \u00f6zg\u00fc bir anatomik yap\u0131n\u0131n bir par\u00e7as\u0131d\u0131r. Bu dokunun yap\u0131sal \u00f6zellikleri ki\u015fiden ki\u015fiye farkl\u0131l\u0131k g\u00f6sterir ve baz\u0131 durumlarda cinsel aktivite veya di\u011fer fiziksel etkile\u015fimlerle zarar g\u00f6rebilir. Jinekolog, bu konuda hastalar\u0131na gizlilik ve sayg\u0131 \u00e7er\u00e7evesinde yakla\u015farak, k\u0131zl\u0131k zar\u0131yla ilgili endi\u015feleri dinler ve uygun t\u0131bbi \u00e7\u00f6z\u00fcmleri sunar. Ni\u015fanta\u015f\u0131&#8217;nda bulunan bu uzman sa\u011fl\u0131k profesyoneli, modern t\u0131bb\u0131n sundu\u011fu g\u00fcncel bilgi ve teknolojiyle donat\u0131lm\u0131\u015f bir klinikte hizmet vererek, kad\u0131nlar\u0131n sa\u011fl\u0131kl\u0131 bir cinsel ya\u015fam ve \u00fcreme sa\u011fl\u0131\u011f\u0131na ula\u015fmalar\u0131na destek olmaktad\u0131r.<\/p>\n<p>WhatsApp Randevu Al :<\/p>\n<header class=\"x1qjc9v5 x78zum5 x1q0g3np x2lah0s x1n2onr6 x1qsaojo xc2v4qs x1xl8k2i x1ez9qw7 x1kcpa7z\">\n<section class=\"x1qjc9v5 x972fbf xcfux6l x1qhh985 xm0m39n x9f619 x5n08af x78zum5 xdt5ytf xs83m0k xk390pu xdj266r x11i5rnm xat24cr x1mh8g0r xeuugli xexx8yu x4uap5 x18d9i69 xkhd6sd x1n2onr6 x11njtxf xg1prrt x1quol0o x139hhg0 x1qgnrqa\">\n<div class=\"x7a106z x972fbf xcfux6l x1qhh985 xm0m39n x9f619 x78zum5 xdt5ytf x2lah0s xdj266r x11i5rnm xat24cr x1mh8g0r xexx8yu x4uap5 x18d9i69 xkhd6sd x1n2onr6 x11njtxf xwonja6 x1dyjupv x1onnzdu xwrz0qm xgmu61r x1nbz2ho xbjc6do\">\n<div class=\"x3nfvp2\"><a href=\"https:\/\/l.instagram.com\/?u=https%3A%2F%2Fwa.me%2F905320590489&amp;e=AT1O0yYxca8LMmkSnwEk2uiSe8gKDM26qfZwBoG1w9DGx966K6RWKmCny8HMxtJQqSUN-d4sBSJRaNL8RLeT7o0y2SoEMEYt5B1F4Q\" target=\"_blank\" rel=\"me nofollow noopener noreferrer\"><span class=\"x1lliihq x1plvlek xryxfnj x1n2onr6 x193iq5w xeuugli x1fj9vlw x13faqbe x1vvkbs x1s928wv xhkezso x1gmr53x x1cpjm7i x1fgarty x1943h6x x1i0vuye xvs91rp x1s688f x7l2uk3 x10wh9bi x1wdrske x8viiok x18hxmgj\" dir=\"auto\"><span class=\"x1lliihq x193iq5w x6ikm8r x10wlt62 xlyipyv xuxw1ft\">wa.me\/905320590489<\/span><\/span><\/a><\/div>\n<\/div>\n<\/section>\n<\/header>\n<div class=\"xzzrveb x1h862dm xjk3ia2 x1tb5o9v\" role=\"menu\">\n<div class=\"_aao_\">\n<div class=\"_aap0\" role=\"presentation\">\n<div class=\"_aap1\">\n<ul class=\"_acay\">\n<li><\/li>\n<\/ul>\n<\/div>\n<\/div>\n<\/div>\n<\/div>\n<p><img loading=\"lazy\" decoding=\"async\" class=\" wp-image-1125 aligncenter\" src=\"http:\/\/www.filiptashan.com\/wp-content\/uploads\/2023\/06\/iletisim-gorsel-1-1024x379-1-300x111.jpg\" alt=\"\" width=\"860\" height=\"318\" srcset=\"https:\/\/www.filiptashan.com\/wp-content\/uploads\/2023\/06\/iletisim-gorsel-1-1024x379-1-300x111.jpg 300w, https:\/\/www.filiptashan.com\/wp-content\/uploads\/2023\/06\/iletisim-gorsel-1-1024x379-1-768x284.jpg 768w, https:\/\/www.filiptashan.com\/wp-content\/uploads\/2023\/06\/iletisim-gorsel-1-1024x379-1-600x222.jpg 600w, https:\/\/www.filiptashan.com\/wp-content\/uploads\/2023\/06\/iletisim-gorsel-1-1024x379-1.jpg 1024w\" sizes=\"auto, (max-width: 860px) 100vw, 860px\" \/><\/p>\n","protected":false},"excerpt":{"rendered":"<p>Ni\u015fanta\u015f\u0131&#8217;nda yer alan bir kad\u0131n sa\u011fl\u0131\u011f\u0131 uzman\u0131 olan jinekolog, k\u0131zl\u0131k zar\u0131 konusunda \u00f6zenli ve g\u00fcvenilir bir hizmet sunmaktad\u0131r. K\u0131zl\u0131k zar\u0131, kad\u0131n \u00fcreme sistemine \u00f6zg\u00fc bir anatomik yap\u0131n\u0131n bir par\u00e7as\u0131d\u0131r. Bu dokunun yap\u0131sal \u00f6zellikleri ki\u015fiden ki\u015fiye farkl\u0131l\u0131k g\u00f6sterir ve baz\u0131 durumlarda cinsel aktivite veya di\u011fer fiziksel&hellip;<\/p>\n","protected":false},"author":1,"featured_media":0,"parent":0,"menu_order":0,"comment_status":"closed","ping_status":"closed","template":"","meta":{"footnotes":""},"class_list":["post-1209","page","type-page","status-publish","hentry"],"_links":{"self":[{"href":"https:\/\/www.filiptashan.com\/wp-json\/wp\/v2\/pages\/1209","targetHints":{"allow":["GET"]}}],"collection":[{"href":"https:\/\/www.filiptashan.com\/wp-json\/wp\/v2\/pages"}],"about":[{"href":"https:\/\/www.filiptashan.com\/wp-json\/wp\/v2\/types\/page"}],"author":[{"embeddable":true,"href":"https:\/\/www.filiptashan.com\/wp-json\/wp\/v2\/users\/1"}],"replies":[{"embeddable":true,"href":"https:\/\/www.filiptashan.com\/wp-json\/wp\/v2\/comments?post=1209"}],"version-history":[{"count":5,"href":"https:\/\/www.filiptashan.com\/wp-json\/wp\/v2\/pages\/1209\/revisions"}],"predecessor-version":[{"id":1219,"href":"https:\/\/www.filiptashan.com\/wp-json\/wp\/v2\/pages\/1209\/revisions\/1219"}],"wp:attachment":[{"href":"https:\/\/www.filiptashan.com\/wp-json\/wp\/v2\/media?parent=1209"}],"curies":[{"name":"wp","href":"https:\/\/api.w.org\/{rel}","templated":true}]}}