{"id":68,"date":"2019-01-23T05:46:12","date_gmt":"2019-01-23T05:46:12","guid":{"rendered":"http:\/\/demo.sparklewpthemes.com\/medicalheed\/?page_id=68"},"modified":"2021-11-11T02:38:15","modified_gmt":"2021-11-11T02:38:15","slug":"asilama","status":"publish","type":"page","link":"http:\/\/www.filiptashan.com\/asilama\/","title":{"rendered":"T\u00fcp Bebek Tedavisi &#038; IVF"},"content":{"rendered":"\n<p>Aile b\u00fct\u00fcnl\u00fc\u011f\u00fc ve \u00e7ocuklu aile tan\u0131m\u0131n\u0131n \u00fclkemizde, di\u011fer b\u00fct\u00fcn \u00fclkelerden daha \u00f6nemli oldu\u011funu her zaman g\u00f6r\u00fcyoruz ve hissediyoruz.<\/p>\n\n\n\n<p>Gebelik takibini yaparken ultrasonografide bir canl\u0131n\u0131n olu\u015fumunu ve geli\u015fimini takip etmek ger\u00e7ekten \u00e7ok g\u00fczel duygular\u2026Ancak kendili\u011finden gebe kal\u0131namad\u0131\u011f\u0131 durumlarda, bu problemleri, bazen basit tedaviler a\u015f\u0131lama y\u00f6ntemi , bazen de histeroskopi ve laparoskopi gibi gerekli operasyonlar\u0131 yaparak veya t\u00fcp bebek tedavileriyle sizlerin bebek sahibi olman\u0131za arac\u0131 olmak, yard\u0131mc\u0131 olmak paha bi\u00e7ilmez, tarifsiz duygulard\u0131r.<\/p>\n\n\n\n<p>Kendili\u011finden gebe kalamayan \u00e7iftleri, ya\u015flar\u0131na, gebe kalamama s\u00fcrelerine, mevcut laboratuvar ve g\u00f6r\u00fcnt\u00fcleme tetkiklerine, spermiogram ve hormon sonu\u00e7lar\u0131na g\u00f6re de\u011ferlendirip, tetkikleri olmayan \u00e7iftlerde de s\u0131rayla gerekli testleri yaparak, gebelik i\u00e7in gereken tedavileri, yumurta takibi, a\u015f\u0131lama ve t\u00fcp bebek tedavilerini s\u0131rayla ve \u00e7iftlere uygunluk durumlar\u0131na g\u00f6re uygulamaktay\u0131z.<\/p>\n\n\n\n<p>\u00dcreme sa\u011fl\u0131\u011f\u0131 ile ilgili, muayene, ultrasonografi takipleri ve tetkikleri klini\u011fimizde, a\u015f\u0131lama ve t\u00fcp bebek tedavilerimizin laboratuvar a\u015famalar\u0131n\u0131 ( opu-yumurta toplama, embriyo transferi, embriyo- yumurta- sperm dondurma ) ekip olarak \u00e7al\u0131\u015ft\u0131\u011f\u0131m\u0131z, t\u00fcp bebek merkezlerimizde yapmaktay\u0131z.<\/p>\n\n\n\n<p>\u00dcreme sa\u011fl\u0131\u011f\u0131nda \u00f6nemli olan, anne &amp; baba adaylar\u0131n\u0131 \u00e7ift olarak de\u011ferlendirip, kendili\u011finden gebe kalmay\u0131 veya yap\u0131lacak tedavileri etkileyecek problemler var ise onlar\u0131 tespit etmek, medikal olarak d\u00fczeltilecek hormonal bozukluklar, hafif spermiogram bozukluklar\u0131n\u0131, ila\u00e7lar ve hormonal destekler ile rahim i\u00e7inde perde-yap\u0131\u015f\u0131kl\u0131klar- \u015fekil bozukluklar\u0131, t\u00fcplerde t\u0131kan\u0131kl\u0131k-hidrosalpenks gibi problemeler de histeroskopi ve laparoskopi operasyonlar\u0131 ile d\u00fczeltildikten sonra, uygun \u00e7iftlerde kendili\u011finden gebelik planlar\u0131 yap\u0131labilirken, di\u011fer \u00e7iftlerimiz a\u015f\u0131lama veya t\u00fcp bebek tedavilerine ba\u015flayabilirler.<\/p>\n\n\n\n<p>T\u00fcp bebek tedavilerinde amac\u0131m\u0131z \u00f6ncelikle daha sakin ve stressiz bir ortamda tedavi s\u00fcrecini ge\u00e7irmenizi sa\u011flamakt\u0131r. Bu y\u00fczden daha kalabal\u0131k ortamlarda takip yerine, kendi klini\u011fimizde sizlerle birebir ilgilenebilecek bir ortam sa\u011flamaya \u00e7al\u0131\u015ft\u0131k.<\/p>\n\n\n\n<p>Amac\u0131m\u0131z herkese ayn\u0131 tedaviler de\u011fil, ki\u015fiye \u00f6zg\u00fc, \u00f6zel ama gereken do\u011fru tedavi y\u00f6ntemlerini uygulamakt\u0131r. Bunu yaparken geli\u015fen yeni teknolojileri takip ederek, yeni \u00e7\u0131kan uygulamalar\u0131n yarar sa\u011flay\u0131p sa\u011flamad\u0131\u011f\u0131 bilimsel olarak ispat edilmi\u015f tedavileri, kimlere uygun ise onlara uygulamak ana prensibimizdir.<\/p>\n\n\n\n<p>Pozitif sonu\u00e7lar\u0131 ve takibinde sa\u011fl\u0131kl\u0131 bebeklerinizi beraber kucaklamak bize hem mutluluk hem de gurur veriyor. Sa\u011fl\u0131kl\u0131 g\u00fcnlerde, g\u00fczel ama\u00e7larla ve g\u00fczel sonu\u00e7larla g\u00f6r\u00fc\u015fmeyi dileriz.<\/p>\n\n\n\n<p><\/p>\n\n\n\n<figure class=\"wp-block-embed is-type-video is-provider-youtube wp-block-embed-youtube wp-embed-aspect-16-9 wp-has-aspect-ratio\"><div class=\"wp-block-embed__wrapper\">\n<iframe loading=\"lazy\" title=\"K\u0130MLERE D\u0130REKT T\u00dcP BEBEK TEDAV\u0130S\u0130 UYGULANIR - Op.Dr.Filip TA\u015eHAN\" width=\"640\" height=\"360\" src=\"https:\/\/www.youtube.com\/embed\/UAtEE-sDvb0?feature=oembed\" frameborder=\"0\" allow=\"accelerometer; autoplay; clipboard-write; encrypted-media; gyroscope; picture-in-picture; web-share\" referrerpolicy=\"strict-origin-when-cross-origin\" allowfullscreen><\/iframe>\n<\/div><\/figure>\n","protected":false},"excerpt":{"rendered":"<p>Aile b\u00fct\u00fcnl\u00fc\u011f\u00fc ve \u00e7ocuklu aile tan\u0131m\u0131n\u0131n \u00fclkemizde, di\u011fer b\u00fct\u00fcn \u00fclkelerden daha \u00f6nemli oldu\u011funu her zaman g\u00f6r\u00fcyoruz ve hissediyoruz. Gebelik takibini yaparken ultrasonografide bir canl\u0131n\u0131n olu\u015fumunu ve geli\u015fimini takip etmek ger\u00e7ekten \u00e7ok g\u00fczel duygular\u2026Ancak kendili\u011finden gebe kal\u0131namad\u0131\u011f\u0131 durumlarda, bu problemleri, bazen basit tedaviler a\u015f\u0131lama y\u00f6ntemi ,&hellip;<\/p>\n","protected":false},"author":1,"featured_media":419,"parent":0,"menu_order":0,"comment_status":"closed","ping_status":"closed","template":"","meta":{"footnotes":""},"class_list":["post-68","page","type-page","status-publish","has-post-thumbnail","hentry"],"_links":{"self":[{"href":"http:\/\/www.filiptashan.com\/wp-json\/wp\/v2\/pages\/68","targetHints":{"allow":["GET"]}}],"collection":[{"href":"http:\/\/www.filiptashan.com\/wp-json\/wp\/v2\/pages"}],"about":[{"href":"http:\/\/www.filiptashan.com\/wp-json\/wp\/v2\/types\/page"}],"author":[{"embeddable":true,"href":"http:\/\/www.filiptashan.com\/wp-json\/wp\/v2\/users\/1"}],"replies":[{"embeddable":true,"href":"http:\/\/www.filiptashan.com\/wp-json\/wp\/v2\/comments?post=68"}],"version-history":[{"count":7,"href":"http:\/\/www.filiptashan.com\/wp-json\/wp\/v2\/pages\/68\/revisions"}],"predecessor-version":[{"id":617,"href":"http:\/\/www.filiptashan.com\/wp-json\/wp\/v2\/pages\/68\/revisions\/617"}],"wp:featuredmedia":[{"embeddable":true,"href":"http:\/\/www.filiptashan.com\/wp-json\/wp\/v2\/media\/419"}],"wp:attachment":[{"href":"http:\/\/www.filiptashan.com\/wp-json\/wp\/v2\/media?parent=68"}],"curies":[{"name":"wp","href":"https:\/\/api.w.org\/{rel}","templated":true}]}}