{"id":569,"date":"2021-11-11T02:01:53","date_gmt":"2021-11-11T02:01:53","guid":{"rendered":"http:\/\/www.filiptashan.com\/?page_id=569"},"modified":"2021-11-11T02:32:24","modified_gmt":"2021-11-11T02:32:24","slug":"kurtaj","status":"publish","type":"page","link":"http:\/\/www.filiptashan.com\/kurtaj\/","title":{"rendered":"K\u00fcrtaj"},"content":{"rendered":"\n<figure class=\"wp-block-embed is-type-video is-provider-youtube wp-block-embed-youtube wp-embed-aspect-16-9 wp-has-aspect-ratio\"><div class=\"wp-block-embed__wrapper\">\n<iframe loading=\"lazy\" title=\"\u00dcreme Sa\u011fl\u0131\u011f\u0131 Hekimi Penceresinden K\u00fcrtaj Hakk\u0131nda Her\u015fey - Op.Dr.Filip TA\u015eHAN\" width=\"640\" height=\"360\" src=\"https:\/\/www.youtube.com\/embed\/_Hf9zeYydoU?feature=oembed\" frameborder=\"0\" allow=\"accelerometer; autoplay; clipboard-write; encrypted-media; gyroscope; picture-in-picture; web-share\" referrerpolicy=\"strict-origin-when-cross-origin\" allowfullscreen><\/iframe>\n<\/div><\/figure>\n\n\n\n<p class=\"has-medium-font-size\"><strong>K\u00fcrtaj (T\u0131bbi M\u00fcdahale)<\/strong><\/p>\n\n\n\n<p><strong>1) &nbsp; K\u00fcrtaj Hakk\u0131nda Merak Edilen Sorular&nbsp;<\/strong><\/p>\n\n\n\n<p>K\u00fcrtaj nedir, niye yap\u0131l\u0131r, ne kadar s\u00fcrer, k\u00fcrtajdan sonra tekrar gebe kalabilir miyim, k\u00fcrtaj k\u0131s\u0131rl\u0131\u011fa yol a\u00e7ar m\u0131, adet d\u00fczensizli\u011fi yapar m\u0131, k\u00fcrtaj olursam adetten kesilir miyim , k\u00fcrtaj oldu\u011fumu ba\u015fkalar\u0131 \u00f6\u011frenebilir mi , k\u00fcrtaj oldu\u011fum muayene ile anla\u015f\u0131l\u0131r m\u0131 , k\u00fcrtaj nerede yap\u0131lmal\u0131, steril \u015fartlar ne demek, k\u00fcrtaj hastanede mi yap\u0131lmal\u0131, k\u00fcrtaj hangi y\u00f6ntemle yap\u0131lmal\u0131, k\u00fcrtaj\u0131 vakum y\u00f6ntemiyle mi yap\u0131yorsunuz, k\u00fcrtaj yaparken kaz\u0131ma oluyor mu, k\u00fcrtaj ka\u00e7 haftaya kadar yap\u0131labilir, k\u00fcrtaj yasal m\u0131, k\u00fcrtaj yasakland\u0131 m\u0131, k\u00fcrtaj ne kadar s\u00fcrer, k\u00fcrtaj yaparken anestezi nas\u0131l olmal\u0131, k\u00fcrtaj canl\u0131 m\u0131 yap\u0131l\u0131r, k\u00fcrtaj sonras\u0131 neler ya\u015far\u0131m, k\u00fcrtaj sonras\u0131 a\u011fr\u0131 olur mu, kanama olur mu, k\u00fcrtaj gerektiren durumlar, k\u00fcrtaj ameliyat m\u0131, k\u00fcrtaj nas\u0131l bir operasyon, evet k\u00fcrtaj nedir ve k\u00fcrtaj hakk\u0131nda her\u015feyi anlatmadan \u00f6nce sizlere k\u00fcrtaj hakk\u0131nda sorulabilecek neredeyse t\u00fcm sorular\u0131 biz sorduk ve k\u00fcrtaj hakk\u0131ndaki t\u00fcm cevaplar\u0131 alabileceksiniz.<\/p>\n\n\n\n<p><strong>2)&nbsp; K\u00fcrtaj Nedir&nbsp;&nbsp;<\/strong><\/p>\n\n\n\n<p>K\u00fcrtaj, k\u0131saca t\u0131bbi tahliye yani istenmeyen gebeliklerin sonland\u0131r\u0131lmas\u0131 amac\u0131yla yap\u0131lan operasyona verilen isimdir. K\u00fcrtaj kelimesi, kaz\u0131ma anlam\u0131na gelen k\u00fcretaj kelimesinden gelir. Eskiden, vakum aspirat\u00f6r aletleri olmad\u0131\u011f\u0131 d\u00f6nemlerde,bu i\u015flem k\u00fcret dedi\u011fimiz aletler ile yap\u0131ld\u0131\u011f\u0131ndan dolay\u0131, operasyonun ismi k\u00fcretaj olarak ge\u00e7mi\u015f, ancak toplumumuzda k\u00fcrtaj olarak adland\u0131r\u0131lm\u0131\u015ft\u0131r.<\/p>\n\n\n\n<p>Ancak k\u00fcretaj kelimesinden dolay\u0131 hakl\u0131 olarak hastalar\u0131m\u0131z\u0131n ilk sorusu, hocam kaz\u0131ma var m\u0131 ya da hangi y\u00f6ntemle yap\u0131yorsunuz olacakt\u0131r. K\u00fcrtaj i\u015fleminde uygulanan tek y\u00f6ntem, rahim i\u00e7ine zarar vermeden, kibar bir \u015fekilde operasyonu yapmam\u0131z\u0131 sa\u011flayan vakum ve aspirat\u00f6r y\u00f6ntemidir . \u0130\u015flem bitti\u011finde k\u00fcret ile sadece par\u00e7a kal\u0131p kalmad\u0131\u011f\u0131 kontrol edilebilir. Operasyon sonras\u0131 hasta uyanmadan da ultrasonografi ile kontrol yap\u0131l\u0131r ise i\u015flemim eksiksiz ve komplikasyonsuz tamamland\u0131\u011f\u0131 da kontrol edilmi\u015f olur.<\/p>\n\n\n\n<p>K\u00fcrtaj operasyonu, istenmeyen gebeliklerin sonland\u0131r\u0131lmas\u0131 amac\u0131yla, genellikle k\u0131sa s\u00fcreli sedasyon dedi\u011fimiz bir&nbsp; genel anestezi \u015fekli ile, hastalar\u0131m\u0131z uyutularak yap\u0131l\u0131r. \u0130\u015flemlerin steril , hastane ortam\u0131nda yap\u0131lmas\u0131, k\u00fcrtaj sonras\u0131 d\u00f6nemde ya\u015fanabilecek enfeksiyon gibi komplikasyonlar\u0131n \u00f6nlenmesini sa\u011flar. K\u00fcrtaj g\u00fcn\u00fc birlik, hata birka\u00e7 saatinizi alabilecek bir operasyondur. \u0130\u015flem s\u00fcresi sadece 5-10 dakikad\u0131r.<\/p>\n\n\n\n<p>K\u0131sa bir anestezi ile uyutuldu\u011fu i\u00e7in hastam\u0131z hemen uyan\u0131r, hafif bir kahvalt\u0131 sonras\u0131, 1-2 saat i\u00e7inde hastanedeki b\u00fct\u00fcn i\u015fini bitirerek taburcu olur ve g\u00fcnl\u00fck hayat\u0131na kald\u0131\u011f\u0131 yerden devam edebilir.<\/p>\n\n\n\n<p><strong>K\u00fcrtaj Sonras\u0131 Neler Ya\u015fanabilir veya Operasyondan Sonra \u0130stirahat Gerekir mi ?&nbsp;<\/strong><\/p>\n\n\n\n<p>K\u00fcrtaj oldu\u011funuz g\u00fcn\u00fc adetinizin ilk g\u00fcn\u00fc olarak d\u00fc\u015f\u00fcnebilirsiniz. K\u00fcrtajdan sonra birka\u00e7 g\u00fcn adet tarz\u0131 kanama olabilir, hafif kas\u0131k a\u011fr\u0131lar\u0131 1 hafta kadar s\u00fcrebilir, ancak genellikle g\u00fcnl\u00fck hayat\u0131 etkileyecek veya rahats\u0131z edecek \u015fekilde a\u011fr\u0131lar ya\u015fanmaz. Rahim i\u00e7i hassas bir organ oldu\u011fu i\u00e7in, k\u00fcrtaj oldu\u011funuz ilk ay kanama d\u00fczensizlikleri ya\u015fayabilirsiniz.<\/p>\n\n\n\n<p>Bu d\u00fczensizlikler k\u00fcrtajdan sonra hi\u00e7 kanama olmamas\u0131, k\u00fcrtajdan sonra ba\u015flayan arara ara devam eden kanamalar \u015feklinde olabilir. Bu t\u00fcr ara ve d\u00fczensiz kanamalar\u0131n \u00e7o\u011fu normaldir. A\u011fr\u0131 ve kanama durmuyor ise doktorunuza ba\u015fvurmal\u0131s\u0131n\u0131z. Kontrol ama\u00e7l\u0131 bak\u0131lmal\u0131 i\u00e7erde par\u00e7a kal\u0131p kalmad\u0131\u011f\u0131 veya ba\u015fka bir problemin varl\u0131\u011f\u0131 tespit edilmelidir.<\/p>\n\n\n\n<p>K\u00fcrtaj i\u015flemi jinekologlar\u0131n en s\u0131k yapt\u0131\u011f\u0131 ve komplikasyon oran\u0131 \u00e7ok d\u00fc\u015f\u00fck bir operasyondur.<\/p>\n\n\n\n<p><strong>ilk Adetimi Ne Zaman G\u00f6rece\u011fim ?&nbsp;<\/strong><\/p>\n\n\n\n<p>K\u00fcrtaj sonras\u0131 ilk adet d\u00f6nemi, operasyondan otuz ila k\u0131rk g\u00fcn sonra normal bir adet gibi, baz\u0131 han\u0131mlarda normalden biraz daha yo\u011fun olarak ge\u00e7ebilir ve adet d\u00fczensizli\u011fi gibi bir \u015fikayetiniz yok ise, bu d\u00f6nemden sonra da adetler d\u00fczenli olarak devam eder.<\/p>\n\n\n\n<p><strong>K\u00fcrtajdan Sonra Hi\u00e7 Adet G\u00f6rmedim, Ne Yapabilirim ?<\/strong><\/p>\n\n\n\n<p>K\u00fcrtajdan sonra hi\u00e7bir problem olmasa da adet gecikmesi veya bir ay atlama olabilir, ancak bu atlamada da doktorunuza haber vermelisiniz. K\u00fcrtaj sonras\u0131 uzun s\u00fcre adet g\u00f6rmeme ve ya k\u00fcrtajdan sonra hi\u00e7 adet g\u00f6rmeme, hassas olan rahim zar\u0131nda bir yap\u0131\u015f\u0131kl\u0131k olabilece\u011fini, bizim ashermann sendromu dedi\u011fimiz problemin ya\u015fand\u0131\u011f\u0131n\u0131 g\u00f6sterebilir.<\/p>\n\n\n\n<p>Bu durumlarda doktorunuza ba\u015fvurmal\u0131s\u0131n\u0131z. Bu s\u0131k ya\u015fanan bir problem de\u011fildir ancak k\u00fcrtaj sonras\u0131 bir enfeksiyon ge\u00e7irildiyse veya rahim zar\u0131 dedi\u011fimiz endometrium tabakas\u0131 hasar g\u00f6rd\u00fcyse ya\u015fanabilir, histeroskopi operasyonu ile bu yap\u0131\u015f\u0131kl\u0131klar a\u00e7\u0131labilir.<\/p>\n\n\n\n<p><strong>3) K\u00fcrtaj Fiyatlar\u0131<\/strong><\/p>\n\n\n\n<p>K\u00fcrtaj fiyatlar\u0131 nas\u0131l hesaplan\u0131r , nedir, ne kadard\u0131r, k\u00fcrtaj pahal\u0131 bir operasyon mudur ?<\/p>\n\n\n\n<p>Do\u011fal olarak bu operasyonu yapt\u0131racak ki\u015filer ve yak\u0131nlar\u0131n\u0131n ara\u015ft\u0131rd\u0131\u011f\u0131 konular\u0131n belki de ba\u015f\u0131nda k\u00fcrtaj fiyatlar\u0131 gelebilir.<\/p>\n\n\n\n<p><strong>K\u00fcrtaj fiyatlar\u0131 neye g\u00f6re de\u011fi\u015fir ?<\/strong><\/p>\n\n\n\n<p>K\u00fcrtaj fiyatlar\u0131 \u00f6ncelikle hekimin ve operasyonun yap\u0131laca\u011f\u0131 yerin kalitesine g\u00f6re de\u011fi\u015fmektedir. Biz klini\u011fimizde k\u00fcrtaj operasyonu \u00f6ncesi her hastam\u0131z\u0131 de\u011ferlendirip, ultrasonografi ile kendimiz bak\u0131p bu planlamay\u0131 yap\u0131yoruz. Uygulama i\u00e7in se\u00e7ilecek hastaneyi de hastalar\u0131m\u0131z\u0131n b\u00fct\u00e7esine g\u00f6re beraber se\u00e7ip karar veriyoruz.Operasyon i\u00e7in hastam\u0131zla beraber tercih etti\u011fimiz hastanede i\u015flemi ger\u00e7ekle\u015ftirip bir hafta sonra da tekrar klini\u011fimizde kontrol\u00fcn\u00fc sa\u011fl\u0131yoruz.<\/p>\n\n\n\n<p><strong>K\u00fcrtaj<\/strong><\/p>\n\n\n\n<p>K\u00fcrtaj, t\u0131bbi tahliye, gebeli\u011fin sonland\u0131r\u0131lmas\u0131 amac\u0131yla yap\u0131lan cerrahi bir operasyondur. Jinekologlar olarak en s\u0131k yapt\u0131\u011f\u0131m\u0131z cerrahi k\u00fc\u00e7\u00fck m\u00fcdahalelerdir.<\/p>\n\n\n\n<p>Bebek ald\u0131rmak, \u00e7ocuk ald\u0131rmak, istenmeyen gebeliklerin sonland\u0131r\u0131lmas\u0131, t\u0131bbi tahliye, k\u00fcrtaj i\u015flemi i\u00e7in verilen adlard\u0131r.<\/p>\n\n\n\n<p>K\u00fcrtaj denilince tabii ki han\u0131mlar bazen \u00e7ekinmekte ve korkmaktad\u0131rlar. Ancak k\u0131sa s\u00fcrede, dikkatli bir \u015fekilde yap\u0131ld\u0131\u011f\u0131 taktir de sorunsuz olarak ger\u00e7ekle\u015fen, g\u00fcn i\u00e7inde g\u00fcnl\u00fck hayata d\u00f6n\u00fclebilen m\u00fcdahalelerdir.<\/p>\n\n\n\n<p>\u00dclkemizde yasal s\u0131n\u0131r 10. Gebelik haftas\u0131na kadar olarak belirlenmi\u015ftir ve bu s\u0131n\u0131rlar i\u00e7erisinde k\u00fcrtaj i\u015flemi yap\u0131lmaktad\u0131r.<\/p>\n\n\n\n<p>K\u0131sa s\u00fcreli anestezi ile uyutularak yap\u0131l\u0131r. \u0130\u015flem s\u00fcresi yakla\u015f\u0131k 10 dakikad\u0131r. Operasyondan 1-2 saat sonra genellikle hi\u00e7bir s\u0131k\u0131nt\u0131 ya\u015famadan taburcu i\u015flemi yap\u0131labilir. Ya\u015fanabilecek durumlar adet d\u00f6nemi benzeri bulgulard\u0131r. Adet sanc\u0131s\u0131 ve adet tarz\u0131 kanama en s\u0131k g\u00f6r\u00fclen belirtilerdir. Kas\u0131k a\u011fr\u0131lar\u0131 bazen gittik\u00e7e hafifleyerek 1 hafta ara ara hissedilebilir. Adet d\u00fczensizlikleri ilk ay i\u00e7inde g\u00f6r\u00fclebilse de, bir sonraki adet ile d\u00fczen normale d\u00f6necektir.<\/p>\n\n\n\n<p>K\u00fcrtaj i\u015fleminde sonra beklenen adet 30-40 g\u00fcn sonra ger\u00e7ekle\u015fir. Rahim i\u00e7i geli\u015febilecek bir enfeksiyondan korunmak i\u00e7in \u00f6nleyici bir antibiotik tedavisi verilir. Kan uyu\u015fmazl\u0131\u011f\u0131 olan \u00e7iftlerde, uyu\u015fmazl\u0131k i\u00e7in anti D uyu\u015fmazl\u0131k i\u011fnesi yap\u0131l\u0131r.<\/p>\n\n\n\n<p>K\u00fcrtajdan sonra hemen tekrar gebe kal\u0131nabilir, bu y\u00fczden gebelik istenmiyor ise korunma y\u00f6ntemleri uygulanmal\u0131d\u0131r.<\/p>\n\n\n\n<p>K\u00fcrtaj bir k\u0131s\u0131rl\u0131k sebebi de\u011fildir. Bir\u00e7ok kez m\u00fcdahale ge\u00e7irmi\u015f han\u0131mlar tekrar gebe kalabilir, \u00e7ocuk sahibi olmak istediklerinde bunu sa\u011flayabilirler.<\/p>\n\n\n\n<p>Halk aras\u0131ndaki yanl\u0131\u015f bilinen ve han\u0131mlar\u0131n \u00e7ekinmesine sebep olan yanl\u0131\u015f bir bilgi de ilk gebeli\u011fin k\u00fcrtaj ile sonland\u0131r\u0131lmas\u0131ndan sonra tekrar gebe kal\u0131namayaca\u011f\u0131d\u0131r. B\u00f6yle bir durum da s\u00f6z konusu de\u011fildir. Ba\u015fka bir problem olmad\u0131\u011f\u0131 taktir de istendi\u011fi zaman tekrar gebe kal\u0131nabilir.<\/p>\n\n\n\n<p><strong>T\u0131bbi Sebeplerle K\u00fcrtaj Uygulamalar\u0131<\/strong><\/p>\n\n\n\n<p>K\u00fcrtaj her ne kadar istenmeyen gebeliklerin tahliyesi olarak bilinse de, i\u015flem olarak farkl\u0131 ama\u00e7larla veya farkl\u0131 sebeplerle de yap\u0131labilen bir cerrahi y\u00f6ntemdir.<\/p>\n\n\n\n<p>Bozuk gebeliklerin sonland\u0131r\u0131lmas\u0131, d\u00fc\u015f\u00fck sonras\u0131 kalan par\u00e7alar\u0131n temizlenmesi, rahim zar\u0131 kal\u0131nl\u0131klar\u0131-d\u00fczensiz ve a\u015f\u0131r\u0131 vajinal kanamalarda, menopoz d\u00f6nemi kanamalar\u0131nda tedavi, tan\u0131 ve biopsi amac\u0131yla uygulanmaktad\u0131r.<\/p>\n\n\n\n<p>Rahim zar\u0131 (endometrium) hastal\u0131klar\u0131n\u0131n tan\u0131s\u0131, hiperplaziler, endometrium (rahim) kanseri tan\u0131s\u0131 bu y\u00f6ntemle konulmakta, elde edilen patoloji sonucuna g\u00f6re tedavi planlanmaktad\u0131r.<\/p>\n\n\n\n<p>Rahim a\u011fz\u0131nda ipi g\u00f6z\u00fckmeyen spiraller de yine bu y\u00f6ntem ile \u00e7\u0131kart\u0131labilir.<\/p>\n\n\n\n<p><strong>K\u00fcrtaj Bir Korunma Y\u00f6ntemi De\u011fildir<\/strong><\/p>\n\n\n\n<p>Her ne kadar k\u00fcrtaj sonras\u0131 tekrar gebe kal\u0131nabilir desek, k\u00fcrtaj k\u0131s\u0131rl\u0131k sebebi de\u011fildir desek de bu operasyon bir korunma y\u00f6ntemi de\u011fildir.<\/p>\n\n\n\n<p>Fazla say\u0131da k\u00fcrtaj i\u015flemi ge\u00e7iren han\u0131mlarda, rahim i\u00e7inde yap\u0131\u015f\u0131klar, enfeksiyon riski, adet d\u00fczensizlikleri ya\u015fanabilir.<\/p>\n\n\n\n<p>Bu y\u00fczden \u00e7ocuk iste\u011fi olmayan han\u0131mlar\u0131n mevcut korunma y\u00f6ntemlerinden kendilerine uygun olan\u0131 se\u00e7melerinin daha sa\u011fl\u0131kl\u0131 olaca\u011f\u0131n\u0131 belirtmek isterim.<\/p>\n\n\n\n<p><strong>Korunma Y\u00f6ntemleri<\/strong><\/p>\n\n\n\n<p>Gebelik plan\u0131 olmayan \u00e7iftlerin, istenmeyen durumlar ya\u015famamalar\u0131 i\u00e7in geli\u015ftirilmi\u015f bir\u00e7ok gebelikten korunma y\u00f6ntemleri mevcuttur.<\/p>\n\n\n\n<p>Bu y\u00f6ntemler hormonal veya hormonal olmayan korunma y\u00f6ntemleri veya cerrahi y\u00f6ntemler olarak grupland\u0131r\u0131labilirler.<\/p>\n\n\n\n<p>Do\u011fum kontrol haplar\u0131, ayl\u0131k-3 ayl\u0131k i\u011fneler, deri alt\u0131 implantlar\u0131, hormonlu spiraller, rahim a\u011fz\u0131 halkalar\u0131 bilinen hormon kullanarak geli\u015ftirilmi\u015f do\u011fum kontrol y\u00f6ntemleridir.<\/p>\n\n\n\n<p>Prezervatif, bak\u0131rl\u0131 rahim i\u00e7i ara\u00e7lar, rahim a\u011fz\u0131 diyafram uygulamalar\u0131, a\u00e7\u0131k veya kapal\u0131 ameliyatlarla t\u00fcplerin ba\u011flanmas\u0131, erkeklerde vazektomi ameliyatlar\u0131 da hormon kullan\u0131lmayan ve cerrahi y\u00f6ntemlerdir.<\/p>\n\n\n\n<p>Cerrahi y\u00f6ntemler ailesini tamamlam\u0131\u015f \u00e7iftlere \u00f6nerilebilecek ve uygulanabilecek prosed\u00fcrlerdir.<\/p>\n\n\n\n<p>En s\u0131k kullan\u0131lan korunma y\u00f6ntemleri, herhangi bir t\u0131bbi engel yok ise do\u011fum kontrol haplar\u0131, prezervatif (kondom), ayl\u0131k i\u011fneler ve bak\u0131rl\u0131 rahim i\u00e7i ara\u00e7lar (spiral) d\u0131r.<\/p>\n\n\n\n<p>Korunma y\u00f6ntemlerinin de k\u0131s\u0131rl\u0131\u011fa sebep oldu\u011fu konusunda yanl\u0131\u015f bilgiler mevcuttur. Cerrahi y\u00f6ntemler hari\u00e7, hi\u00e7bir uygulama kal\u0131c\u0131 bir \u015fekilde k\u0131s\u0131rl\u0131\u011fa sebep olamaz.<\/p>\n\n\n\n<p>Do\u011fum kontrol haplar\u0131 b\u0131rak\u0131ld\u0131klar\u0131 andan itibaren, yumurtlama olaca\u011f\u0131 i\u00e7in gebe kal\u0131nabilir. Rahim i\u00e7i ara\u00e7lar \u00e7\u0131kar\u0131ld\u0131ktan hemen sonra tekrar gebelik ya\u015fanabilir.<\/p>\n\n\n\n<p><strong>G\u0130ZL\u0130L\u0130K TAAHH\u00dcTNAMES\u0130<\/strong><\/p>\n\n\n\n<p>Muayenehaneye ba\u015fvuru nedeniniz ve size ait kaydedilen t\u00fcm bilgiler, sizin yasal haklar\u0131n\u0131z kapsam\u0131nda (T.C. Sa\u011fl\u0131 Bakanl\u0131\u011f\u0131 Hasta Haklar\u0131 Y\u00f6netmeli\u011fi RG 01.08.1998 23420) t\u00fcm\u00fcyle gizli tutulacakt\u0131r. Hastalar\u0131m\u0131z hakk\u0131nda gizlili\u011fimiz esast\u0131r.<\/p>\n","protected":false},"excerpt":{"rendered":"<p>K\u00fcrtaj (T\u0131bbi M\u00fcdahale) 1) &nbsp; K\u00fcrtaj Hakk\u0131nda Merak Edilen Sorular&nbsp; K\u00fcrtaj nedir, niye yap\u0131l\u0131r, ne kadar s\u00fcrer, k\u00fcrtajdan sonra tekrar gebe kalabilir miyim, k\u00fcrtaj k\u0131s\u0131rl\u0131\u011fa yol a\u00e7ar m\u0131, adet d\u00fczensizli\u011fi yapar m\u0131, k\u00fcrtaj olursam adetten kesilir miyim , k\u00fcrtaj oldu\u011fumu ba\u015fkalar\u0131 \u00f6\u011frenebilir mi , k\u00fcrtaj&hellip;<\/p>\n","protected":false},"author":1,"featured_media":0,"parent":0,"menu_order":0,"comment_status":"closed","ping_status":"closed","template":"","meta":{"footnotes":""},"class_list":["post-569","page","type-page","status-publish","hentry"],"_links":{"self":[{"href":"http:\/\/www.filiptashan.com\/wp-json\/wp\/v2\/pages\/569","targetHints":{"allow":["GET"]}}],"collection":[{"href":"http:\/\/www.filiptashan.com\/wp-json\/wp\/v2\/pages"}],"about":[{"href":"http:\/\/www.filiptashan.com\/wp-json\/wp\/v2\/types\/page"}],"author":[{"embeddable":true,"href":"http:\/\/www.filiptashan.com\/wp-json\/wp\/v2\/users\/1"}],"replies":[{"embeddable":true,"href":"http:\/\/www.filiptashan.com\/wp-json\/wp\/v2\/comments?post=569"}],"version-history":[{"count":3,"href":"http:\/\/www.filiptashan.com\/wp-json\/wp\/v2\/pages\/569\/revisions"}],"predecessor-version":[{"id":613,"href":"http:\/\/www.filiptashan.com\/wp-json\/wp\/v2\/pages\/569\/revisions\/613"}],"wp:attachment":[{"href":"http:\/\/www.filiptashan.com\/wp-json\/wp\/v2\/media?parent=569"}],"curies":[{"name":"wp","href":"https:\/\/api.w.org\/{rel}","templated":true}]}}