{"id":1056,"date":"2023-01-24T02:49:07","date_gmt":"2023-01-24T02:49:07","guid":{"rendered":"https:\/\/www.filiptashan.com\/?page_id=1056"},"modified":"2023-01-24T03:44:38","modified_gmt":"2023-01-24T03:44:38","slug":"kurtaj-ureme-sagligi-penceresinden-kurtaj-kuretaj","status":"publish","type":"page","link":"http:\/\/www.filiptashan.com\/kurtaj-ureme-sagligi-penceresinden-kurtaj-kuretaj\/","title":{"rendered":"K\u00fcrtaj &#8211; \u00dcreme Sa\u011fl\u0131\u011f\u0131 Penceresinden K\u00fcrtaj ( K\u00fcretaj )"},"content":{"rendered":"<h1 style=\"text-align: center;\"><strong>K\u00fcrtaj Anestezi<\/strong><\/h1>\n<h2 style=\"text-align: center;\"><\/h2>\n<h4 style=\"text-align: center;\"><strong>K\u00fcrtaj i\u015flemi k\u0131sa bir sedasyon\u00a0yani uyutarak hastane \u015fartlar\u0131nda yap\u0131labildi\u011fi gibi, muayenehane\u00a0&amp; klinik \u015fartlar\u0131nda<\/strong><\/h4>\n<h4 style=\"text-align: center;\"><strong> yine steril \u015fartlarda lokal anestezi uygulanarak rahat bir \u015fekilde yap\u0131labilir.\u00a0<\/strong><\/h4>\n<h4 style=\"text-align: center;\">\n<p><strong>Serviks dedi\u011fimiz rahim a\u011fz\u0131na lokal anestezi yap\u0131l\u0131p 2-3 dakika bekledikten sonra tamamen a\u011fr\u0131s\u0131z, konforlu bir<\/strong><\/h4>\n<h4 style=\"text-align: center;\"><strong> \u015fekilde k\u00fcrtaj i\u015flemi yap\u0131l\u0131p, uyanma , bekleme gerekmeden , sadece muayene olmu\u015f gibi klinikten ayr\u0131labilirsiniz.<\/strong><\/h4>\n<div style=\"text-align: center;\"><\/div>\n<div style=\"text-align: center;\">\n<h1><strong>K\u00fcrtaj A\u011fr\u0131s\u0131 Nas\u0131l<\/strong><\/h1>\n<div><\/div>\n<h4><strong>A\u011fr\u0131 tamamen ki\u015fisel bir alg\u0131 hissidir. Bu y\u00fczden de i\u015flem s\u0131ras\u0131nda veya i\u015flemlerden sonra a\u011fr\u0131 hissi herkeste de\u011fi\u015fik<\/strong><\/h4>\n<h4><strong> ya\u015fan\u0131r. K\u00fcrtaj i\u015fleminden sonra birka\u00e7 g\u00fcn adet tarz\u0131nda kas\u0131k a\u011fr\u0131lar\u0131 ya\u015fanmas\u0131 do\u011fald\u0131r. rahim i\u00e7i endometrium<\/strong><\/h4>\n<h4><strong> dokusu hassas bir yer oldu\u011fundan dolay\u0131 baz\u0131 han\u0131mlarda 10 g\u00fcn kadar aral\u0131kl\u0131 a\u011fr\u0131 olabilir, baz\u0131 han\u0131mlar da hi\u00e7 a\u011fr\u0131<\/strong><\/h4>\n<h4><strong> hissetmeden bu s\u00fcreci \u00e7ok rahat ge\u00e7irirler.\u00a0<\/strong><\/h4>\n<\/div>\n<div><\/div>\n<div style=\"text-align: center;\">\n<h1><strong>K\u00fcrtaj Ka\u00e7 Dakika S\u00fcr\u00fcyor<\/strong><\/h1>\n<\/div>\n<div><\/div>\n<div><\/div>\n<div style=\"text-align: center;\">\n<h4><strong>K\u00fcrtaj i\u015flemini muayenehane \u015fartlar\u0131nda 5-10 dakika gibi k\u0131sa bir s\u00fcrede ger\u00e7ekle\u015ftirip, hastalar\u0131m\u0131z\u0131n yar\u0131m saat<\/strong><\/h4>\n<h4><strong> i\u00e7inde normal hayatlar\u0131na devam\u0131n\u0131 sa\u011flayabilir. hastane \u015fartlar\u0131nda uyutarak yap\u0131ld\u0131\u011f\u0131nda 1-1,5 saat kadar<\/strong><\/h4>\n<h4><strong> dinlendirip, anesteziden tam uyan\u0131kl\u0131k haline ge\u00e7ip rahat bir \u015fekilde taburcu olmas\u0131n\u0131 beklemek durumunday\u0131z.\u00a0<\/strong><\/h4>\n<h1><strong>K\u00fcrtaj\u0131 Hangi Uzman Doktor Yapar<\/strong><\/h1>\n<\/div>\n<div style=\"text-align: center;\"><\/div>\n<h4 style=\"text-align: center;\"><strong>K\u00fcrtaj i\u015flemini kad\u0131n hastal\u0131klar\u0131 ve do\u011fum uzmanlar\u0131 yani jinekolog doktorlar\u00a0yapmaktad\u0131r. Bizler hem jinekolog<\/strong><\/h4>\n<h4 style=\"text-align: center;\"><strong> hem de \u00fcreme sa\u011fl\u0131\u011f\u0131 uzmanlar\u0131 oldu\u011fumuz i\u00e7in , rahim i\u00e7ine daha hassas davranarak sonraki d\u00f6nemlerde tekrar<\/strong><\/h4>\n<h4 style=\"text-align: center;\"><strong> gebe kal\u0131nmas\u0131na\u00a0engel te\u015fkil edecek durumlara sebebiyet vermeden, nazik bir \u015fekilde bu i\u015flemi yapmaktay\u0131z<\/strong><strong>.<\/strong><\/h4>\n<p style=\"text-align: center;\"><strong>ileti\u015fim<\/strong><\/p>\n<div><\/div>\n<div>.<\/div>\n<div><\/div>\n<div><\/div>\n<div><\/div>\n<div style=\"text-align: center;\"><strong><a href=\"https:\/\/www.instagram.com\/drfiliptashan\/\" target=\"_blank\" rel=\"noopener\"><img loading=\"lazy\" decoding=\"async\" class=\"alignnone wp-image-1051 size-full\" src=\"http:\/\/www.filiptashan.com\/wp-content\/uploads\/2023\/01\/iletisim-gorsel.jpg\" alt=\"\" width=\"1920\" height=\"711\" srcset=\"http:\/\/www.filiptashan.com\/wp-content\/uploads\/2023\/01\/iletisim-gorsel.jpg 1920w, http:\/\/www.filiptashan.com\/wp-content\/uploads\/2023\/01\/iletisim-gorsel-300x111.jpg 300w, http:\/\/www.filiptashan.com\/wp-content\/uploads\/2023\/01\/iletisim-gorsel-1024x379.jpg 1024w, http:\/\/www.filiptashan.com\/wp-content\/uploads\/2023\/01\/iletisim-gorsel-768x284.jpg 768w, http:\/\/www.filiptashan.com\/wp-content\/uploads\/2023\/01\/iletisim-gorsel-1536x569.jpg 1536w, http:\/\/www.filiptashan.com\/wp-content\/uploads\/2023\/01\/iletisim-gorsel-600x222.jpg 600w\" sizes=\"auto, (max-width: 1920px) 100vw, 1920px\" \/><\/a>\u00a0<\/strong><\/div>\n<div><\/div>\n<div>\n<p style=\"text-align: center;\"><strong>Op.Dr.Filip Ta\u015fhan Muayenehanesi \u2013 Ma\u00e7ka No : 1 \u2013 Harbiye Mah. Ma\u00e7ka Cd. Feza Apt. No:1 D:1 \u015ei\u015fli \/ \u0130stanbul<\/strong><\/p>\n<p style=\"text-align: center;\"><img decoding=\"async\" class=\"emoji\" role=\"img\" draggable=\"false\" src=\"https:\/\/s.w.org\/images\/core\/emoji\/13.1.0\/svg\/260e.svg\" alt=\"\u260e\" \/>\u00a00 532 059 04 89<br \/>\n<img decoding=\"async\" class=\"emoji\" role=\"img\" draggable=\"false\" src=\"https:\/\/s.w.org\/images\/core\/emoji\/13.1.0\/svg\/260e.svg\" alt=\"\u260e\" \/>\u00a00 212 259 75 76<br \/>\n<img decoding=\"async\" class=\"emoji\" role=\"img\" draggable=\"false\" src=\"https:\/\/s.w.org\/images\/core\/emoji\/13.1.0\/svg\/1f4e7.svg\" alt=\"\ud83d\udce7\" \/>\u00a0tashanfilip@gmail.com<\/p>\n<p style=\"text-align: center;\"><strong>WhatsApp ;\u00a0\u00a00 532 059 04 89<\/strong><\/p>\n<p style=\"text-align: center;\">Klini\u011fimizde gebelik takibi, jinekolojik muayene ve k\u00fc\u00e7\u00fck i\u015flemler, t\u00fcp bebek tedavisi takiplerini yapmaktay\u0131z. Ameliyatlar ve baz\u0131 k\u00fc\u00e7\u00fck m\u00fcdahaleler, do\u011fum, t\u00fcp bebek i\u015flemleri i\u00e7in de anla\u015fmal\u0131 A s\u0131n\u0131f\u0131 Hastanelerimizi kullanmaktay\u0131z.<\/p>\n<\/div>\n","protected":false},"excerpt":{"rendered":"<p>K\u00fcrtaj Anestezi K\u00fcrtaj i\u015flemi k\u0131sa bir sedasyon\u00a0yani uyutarak hastane \u015fartlar\u0131nda yap\u0131labildi\u011fi gibi, muayenehane\u00a0&amp; klinik \u015fartlar\u0131nda yine steril \u015fartlarda lokal anestezi uygulanarak rahat bir \u015fekilde yap\u0131labilir.\u00a0 Serviks dedi\u011fimiz rahim a\u011fz\u0131na lokal anestezi yap\u0131l\u0131p 2-3 dakika bekledikten sonra tamamen a\u011fr\u0131s\u0131z, konforlu bir \u015fekilde k\u00fcrtaj i\u015flemi yap\u0131l\u0131p, uyanma&hellip;<\/p>\n","protected":false},"author":1,"featured_media":0,"parent":0,"menu_order":-2,"comment_status":"closed","ping_status":"closed","template":"","meta":{"footnotes":""},"class_list":["post-1056","page","type-page","status-publish","hentry"],"_links":{"self":[{"href":"http:\/\/www.filiptashan.com\/wp-json\/wp\/v2\/pages\/1056","targetHints":{"allow":["GET"]}}],"collection":[{"href":"http:\/\/www.filiptashan.com\/wp-json\/wp\/v2\/pages"}],"about":[{"href":"http:\/\/www.filiptashan.com\/wp-json\/wp\/v2\/types\/page"}],"author":[{"embeddable":true,"href":"http:\/\/www.filiptashan.com\/wp-json\/wp\/v2\/users\/1"}],"replies":[{"embeddable":true,"href":"http:\/\/www.filiptashan.com\/wp-json\/wp\/v2\/comments?post=1056"}],"version-history":[{"count":20,"href":"http:\/\/www.filiptashan.com\/wp-json\/wp\/v2\/pages\/1056\/revisions"}],"predecessor-version":[{"id":1097,"href":"http:\/\/www.filiptashan.com\/wp-json\/wp\/v2\/pages\/1056\/revisions\/1097"}],"wp:attachment":[{"href":"http:\/\/www.filiptashan.com\/wp-json\/wp\/v2\/media?parent=1056"}],"curies":[{"name":"wp","href":"https:\/\/api.w.org\/{rel}","templated":true}]}}